{"id":105,"date":"2021-11-24T17:45:11","date_gmt":"2021-11-24T17:45:11","guid":{"rendered":"http:\/\/artilleurs.fr\/shop\/produit\/casquette-snapback-army\/"},"modified":"2022-04-02T16:41:53","modified_gmt":"2022-04-02T16:41:53","slug":"casquette-snapback-army","status":"publish","type":"product","link":"http:\/\/artilleurs.fr\/shop\/produit\/casquette-snapback-army\/","title":{"rendered":"Casquette Snapback ARMY"},"content":{"rendered":"<p>Cette casquette est structur\u00e9e avec une coupe classique, un bord plat et en bougran. Le serrage r\u00e9glable \u00e0 pression en fait une casquette confortable.  <\/p>\n<p>\u2022 80 % acrylique, 20 % laine (la casquette vert camouflage : 60 % coton et 40 % polyester)<br \/>\n\u2022 Structur\u00e9e, 6 panneaux, haut profil<br \/>\n\u2022 Serrage \u00e0 pression en plastique<br \/>\n\u2022 Vert sous la visi\u00e8re<br \/>\n\u2022 Circonf\u00e9rence de la t\u00eate : 54,9 \u00e0 60 cm<\/p>\n","protected":false},"excerpt":{"rendered":"<p>Cette casquette est structur\u00e9e avec une coupe classique, un bord plat et en bougran. Le serrage r\u00e9glable \u00e0 pression en fait une casquette confortable. \u2022 80 % acrylique, 20 % laine (la casquette vert camouflage : 60 % coton et 40 % polyester) \u2022 Structur\u00e9e, 6 panneaux, haut profil \u2022 Serrage \u00e0 pression en plastique&hellip; <a class=\"more-link\" href=\"http:\/\/artilleurs.fr\/shop\/produit\/casquette-snapback-army\/\">Continue reading <span class=\"screen-reader-text\">Casquette Snapback ARMY<\/span><\/a><\/p>\n","protected":false},"featured_media":107,"comment_status":"open","ping_status":"closed","template":"","meta":[],"product_cat":[30],"product_tag":[],"class_list":["post-105","product","type-product","status-publish","has-post-thumbnail","hentry","product_cat-accessoire","entry"],"_links":{"self":[{"href":"http:\/\/artilleurs.fr\/shop\/wp-json\/wp\/v2\/product\/105","targetHints":{"allow":["GET"]}}],"collection":[{"href":"http:\/\/artilleurs.fr\/shop\/wp-json\/wp\/v2\/product"}],"about":[{"href":"http:\/\/artilleurs.fr\/shop\/wp-json\/wp\/v2\/types\/product"}],"replies":[{"embeddable":true,"href":"http:\/\/artilleurs.fr\/shop\/wp-json\/wp\/v2\/comments?post=105"}],"wp:featuredmedia":[{"embeddable":true,"href":"http:\/\/artilleurs.fr\/shop\/wp-json\/wp\/v2\/media\/107"}],"wp:attachment":[{"href":"http:\/\/artilleurs.fr\/shop\/wp-json\/wp\/v2\/media?parent=105"}],"wp:term":[{"taxonomy":"product_cat","embeddable":true,"href":"http:\/\/artilleurs.fr\/shop\/wp-json\/wp\/v2\/product_cat?post=105"},{"taxonomy":"product_tag","embeddable":true,"href":"http:\/\/artilleurs.fr\/shop\/wp-json\/wp\/v2\/product_tag?post=105"}],"curies":[{"name":"wp","href":"https:\/\/api.w.org\/{rel}","templated":true}]}}