{"id":108,"date":"2021-11-24T17:46:23","date_gmt":"2021-11-24T17:46:23","guid":{"rendered":"http:\/\/artilleurs.fr\/shop\/produit\/brassiere-de-sport\/"},"modified":"2021-11-24T17:47:26","modified_gmt":"2021-11-24T17:47:26","slug":"brassiere-de-sport","status":"publish","type":"product","link":"http:\/\/artilleurs.fr\/shop\/produit\/brassiere-de-sport\/","title":{"rendered":"Brassi\u00e8re de Sport"},"content":{"rendered":"<p>Cette brassi\u00e8re de sport est fabriqu\u00e9e dans une mati\u00e8re qui \u00e9vacue l&#8217;humidit\u00e9 et reste s\u00e8che pendant les s\u00e9ances de sport de faible et moyenne intensit\u00e9. Elle comporte un mat\u00e9riau de soutien dans les bretelles, une partie avant \u00e0 double couche et une large bande \u00e9lastique pour assurer un soutien constant.<\/p>\n<p>\u2022 82\u00a0% polyester, 18\u00a0% \u00e9lasthanne <br \/>\n\u2022 Poids du tissu : 224 g\/m\u00b2 (6.61 oz\/yd\u00b2)<br \/>\n\u2022 Tissu \u00e9vacuant l\u2019humidit\u00e9<br \/>\n\u2022 Tissu \u00e9lastique \u2013 les fibres du tissu se r\u00e9tractent sur la longueur et la largeur<br \/>\n\u2022 Encolure \u00e9chancr\u00e9e et dos nageur<br \/>\n\u2022 Coutures plates et biais de liaison \u00e9liminant les frottements<br \/>\n\u2022 Convient pour les bonnets A-C<br \/>\n\u2022 Mat\u00e9riau de soutien dans les bretelles, double couche sur le devant et large \u00e9lastique sous la poitrine<br \/>\n\u2022 Les composants de produits vierges dans l&#8217;UE proviennent de Chine et de Lituanie<br \/>\n\u2022 Les composants de produits vierges aux \u00c9tats-Unis et au Mexique proviennent de Chine<\/p>\n","protected":false},"excerpt":{"rendered":"<p>Cette brassi\u00e8re de sport est fabriqu\u00e9e dans une mati\u00e8re qui \u00e9vacue l&#8217;humidit\u00e9 et reste s\u00e8che pendant les s\u00e9ances de sport de faible et moyenne intensit\u00e9. Elle comporte un mat\u00e9riau de soutien dans les bretelles, une partie avant \u00e0 double couche et une large bande \u00e9lastique pour assurer un soutien constant. \u2022 82\u00a0% polyester, 18\u00a0% \u00e9lasthanne&hellip; <a class=\"more-link\" href=\"http:\/\/artilleurs.fr\/shop\/produit\/brassiere-de-sport\/\">Continue reading <span class=\"screen-reader-text\">Brassi\u00e8re de Sport<\/span><\/a><\/p>\n","protected":false},"featured_media":117,"comment_status":"open","ping_status":"closed","template":"","meta":[],"product_cat":[32],"product_tag":[],"class_list":["post-108","product","type-product","status-publish","has-post-thumbnail","hentry","product_cat-sport-wear","entry"],"_links":{"self":[{"href":"http:\/\/artilleurs.fr\/shop\/wp-json\/wp\/v2\/product\/108","targetHints":{"allow":["GET"]}}],"collection":[{"href":"http:\/\/artilleurs.fr\/shop\/wp-json\/wp\/v2\/product"}],"about":[{"href":"http:\/\/artilleurs.fr\/shop\/wp-json\/wp\/v2\/types\/product"}],"replies":[{"embeddable":true,"href":"http:\/\/artilleurs.fr\/shop\/wp-json\/wp\/v2\/comments?post=108"}],"wp:featuredmedia":[{"embeddable":true,"href":"http:\/\/artilleurs.fr\/shop\/wp-json\/wp\/v2\/media\/117"}],"wp:attachment":[{"href":"http:\/\/artilleurs.fr\/shop\/wp-json\/wp\/v2\/media?parent=108"}],"wp:term":[{"taxonomy":"product_cat","embeddable":true,"href":"http:\/\/artilleurs.fr\/shop\/wp-json\/wp\/v2\/product_cat?post=108"},{"taxonomy":"product_tag","embeddable":true,"href":"http:\/\/artilleurs.fr\/shop\/wp-json\/wp\/v2\/product_tag?post=108"}],"curies":[{"name":"wp","href":"https:\/\/api.w.org\/{rel}","templated":true}]}}