{"id":156,"date":"2021-11-24T18:05:55","date_gmt":"2021-11-24T18:05:55","guid":{"rendered":"http:\/\/artilleurs.fr\/shop\/produit\/legging-pour-homme\/"},"modified":"2026-03-19T02:45:38","modified_gmt":"2026-03-19T02:45:38","slug":"legging-pour-homme","status":"publish","type":"product","link":"http:\/\/artilleurs.fr\/shop\/produit\/legging-pour-homme\/","title":{"rendered":"Legging pour homme"},"content":{"rendered":"<p>Soyez au mieux de votre forme dans ce legging pour homme\u00a0! La mati\u00e8re super douce et \u00e9lastique en fait le choix id\u00e9al pour tout type d&#8217;activit\u00e9. Vous pouvez le porter seul ou sous un short. Ce legging a tout pour devenir votre nouveau v\u00eatement de sport pr\u00e9f\u00e9r\u00e9\u00a0!<\/p>\n<p>\u2022 82\u00a0% polyester, 18\u00a0% \u00e9lasthanne <br \/>\n\u2022 Tissu \u00e9lastique : les fibres du tissu se r\u00e9tractent sur la longueur et la largeur<br \/>\n\u2022 Coupe ajust\u00e9e<br \/>\n\u2022 Empi\u00e8cement avant pour plus de confort<br \/>\n\u2022 Coutures plates et surpiq\u00fbres<br \/>\n\u2022 Ceinture \u00e9lastique<br \/>\n\u2022 Mati\u00e8re tr\u00e8s douce et \u00e9lastique<br \/>\n\u2022 Les composants de produits vierges aux \u00c9tats-Unis et au Mexique proviennent de Chine<br \/>\n\u2022 Les composants de produits vierges dans l&#8217;UE proviennent de Chine et de Lituanie<\/p>\n","protected":false},"excerpt":{"rendered":"<p>Soyez au mieux de votre forme dans ce legging pour homme\u00a0! La mati\u00e8re super douce et \u00e9lastique en fait le choix id\u00e9al pour tout type d&#8217;activit\u00e9. Vous pouvez le porter seul ou sous un short. Ce legging a tout pour devenir votre nouveau v\u00eatement de sport pr\u00e9f\u00e9r\u00e9\u00a0! \u2022 82\u00a0% polyester, 18\u00a0% \u00e9lasthanne \u2022 Tissu \u00e9lastique&hellip; <a class=\"more-link\" href=\"http:\/\/artilleurs.fr\/shop\/produit\/legging-pour-homme\/\">Continue reading <span class=\"screen-reader-text\">Legging pour homme<\/span><\/a><\/p>\n","protected":false},"featured_media":166,"comment_status":"open","ping_status":"closed","template":"","meta":[],"product_cat":[32],"product_tag":[],"class_list":["post-156","product","type-product","status-publish","has-post-thumbnail","hentry","product_cat-sport-wear","entry"],"_links":{"self":[{"href":"http:\/\/artilleurs.fr\/shop\/wp-json\/wp\/v2\/product\/156","targetHints":{"allow":["GET"]}}],"collection":[{"href":"http:\/\/artilleurs.fr\/shop\/wp-json\/wp\/v2\/product"}],"about":[{"href":"http:\/\/artilleurs.fr\/shop\/wp-json\/wp\/v2\/types\/product"}],"replies":[{"embeddable":true,"href":"http:\/\/artilleurs.fr\/shop\/wp-json\/wp\/v2\/comments?post=156"}],"wp:featuredmedia":[{"embeddable":true,"href":"http:\/\/artilleurs.fr\/shop\/wp-json\/wp\/v2\/media\/166"}],"wp:attachment":[{"href":"http:\/\/artilleurs.fr\/shop\/wp-json\/wp\/v2\/media?parent=156"}],"wp:term":[{"taxonomy":"product_cat","embeddable":true,"href":"http:\/\/artilleurs.fr\/shop\/wp-json\/wp\/v2\/product_cat?post=156"},{"taxonomy":"product_tag","embeddable":true,"href":"http:\/\/artilleurs.fr\/shop\/wp-json\/wp\/v2\/product_tag?post=156"}],"curies":[{"name":"wp","href":"https:\/\/api.w.org\/{rel}","templated":true}]}}