{"id":173,"date":"2021-11-24T18:15:11","date_gmt":"2021-11-24T18:15:11","guid":{"rendered":"http:\/\/artilleurs.fr\/shop\/produit\/debardeur-unisexe\/"},"modified":"2022-04-02T16:41:54","modified_gmt":"2022-04-02T16:41:54","slug":"debardeur-unisexe","status":"publish","type":"product","link":"http:\/\/artilleurs.fr\/shop\/produit\/debardeur-unisexe\/","title":{"rendered":"D\u00e9bardeur Unisexe"},"content":{"rendered":"<p>Ce d\u00e9bardeur a tout ce dont vous pouvez avoir besoin\u00a0: des couleurs vives, des mati\u00e8res douces et une coupe d\u00e9contract\u00e9e qui vous donnera un look fabuleux\u00a0!<\/p>\n<p>\u2022 95\u00a0% polyester, 5\u00a0% \u00e9lasthanne (la composition du tissu peut varier de 1\u00a0%)<br \/>\n\u2022 Poids du tissu : 210 g\/m\u00b2 (6.19 oz\/yd\u00b2)<br \/>\n\u2022 Mati\u00e8re confortable et \u00e9lastique<br \/>\n\u2022 Coupe de pr\u00e9cision et couture \u00e0 la main apr\u00e8s impression<br \/>\n\u2022 Les composants de produits vierges aux \u00c9tats-Unis et au Mexique proviennent des \u00c9tats-Unis<br \/>\n\u2022 Les composants de produits vierges dans l&#8217;UE proviennent de Lituanie<\/p>\n","protected":false},"excerpt":{"rendered":"<p>Ce d\u00e9bardeur a tout ce dont vous pouvez avoir besoin\u00a0: des couleurs vives, des mati\u00e8res douces et une coupe d\u00e9contract\u00e9e qui vous donnera un look fabuleux\u00a0! \u2022 95\u00a0% polyester, 5\u00a0% \u00e9lasthanne (la composition du tissu peut varier de 1\u00a0%) \u2022 Poids du tissu : 210 g\/m\u00b2 (6.19 oz\/yd\u00b2) \u2022 Mati\u00e8re confortable et \u00e9lastique \u2022 Coupe&hellip; <a class=\"more-link\" href=\"http:\/\/artilleurs.fr\/shop\/produit\/debardeur-unisexe\/\">Continue reading <span class=\"screen-reader-text\">D\u00e9bardeur Unisexe<\/span><\/a><\/p>\n","protected":false},"featured_media":182,"comment_status":"open","ping_status":"closed","template":"","meta":[],"product_cat":[31],"product_tag":[],"class_list":["post-173","product","type-product","status-publish","has-post-thumbnail","hentry","product_cat-street-wear","entry"],"_links":{"self":[{"href":"http:\/\/artilleurs.fr\/shop\/wp-json\/wp\/v2\/product\/173","targetHints":{"allow":["GET"]}}],"collection":[{"href":"http:\/\/artilleurs.fr\/shop\/wp-json\/wp\/v2\/product"}],"about":[{"href":"http:\/\/artilleurs.fr\/shop\/wp-json\/wp\/v2\/types\/product"}],"replies":[{"embeddable":true,"href":"http:\/\/artilleurs.fr\/shop\/wp-json\/wp\/v2\/comments?post=173"}],"wp:featuredmedia":[{"embeddable":true,"href":"http:\/\/artilleurs.fr\/shop\/wp-json\/wp\/v2\/media\/182"}],"wp:attachment":[{"href":"http:\/\/artilleurs.fr\/shop\/wp-json\/wp\/v2\/media?parent=173"}],"wp:term":[{"taxonomy":"product_cat","embeddable":true,"href":"http:\/\/artilleurs.fr\/shop\/wp-json\/wp\/v2\/product_cat?post=173"},{"taxonomy":"product_tag","embeddable":true,"href":"http:\/\/artilleurs.fr\/shop\/wp-json\/wp\/v2\/product_tag?post=173"}],"curies":[{"name":"wp","href":"https:\/\/api.w.org\/{rel}","templated":true}]}}