{"id":183,"date":"2021-11-24T19:14:07","date_gmt":"2021-11-24T19:14:07","guid":{"rendered":"http:\/\/artilleurs.fr\/shop\/produit\/t-shirt-unisexe-a-manches-courtes-bandes\/"},"modified":"2022-04-02T16:41:54","modified_gmt":"2022-04-02T16:41:54","slug":"t-shirt-unisexe-a-manches-courtes-bandes","status":"publish","type":"product","link":"http:\/\/artilleurs.fr\/shop\/produit\/t-shirt-unisexe-a-manches-courtes-bandes\/","title":{"rendered":"T-shirt Unisexe \u00e0 Manches Courtes BANDES"},"content":{"rendered":"<p>Doux et l\u00e9ger, ce T-shirt avec juste ce qu&#8217;il faut d&#8217;\u00e9lasticit\u00e9. Il est confortable et la coupe unisexe est flatteuse pour tous.<\/p>\n<p>\u2022 100 % coton peign\u00e9 et fil\u00e9 \u00e0 l&#8217;anneau<br \/>\n\u2022 La couleur Ash contient 99 % de coton peign\u00e9 et fil\u00e9 en anneau et 1 % de polyester<br \/>\n\u2022 Les couleurs chin\u00e9es contiennent 52 % de coton peign\u00e9 et fil\u00e9 \u00e0 l&#8217;anneau et 48 % de polyester<br \/>\n\u2022 Les couleurs Athletic et Black Heather contiennent 90 % de coton peign\u00e9 et fil\u00e9 en anneau et 10 % polyester<br \/>\n\u2022 Les couleurs Heather Prism contiennent 99 % de coton peign\u00e9 et fil\u00e9 en anneau et 1 % de polyester<br \/>\n\u2022 Poids du tissu : 142 g\/m\u00b2 (4,2 oz\/y\u00b2)<br \/>\n\u2022 Tissu pr\u00e9-r\u00e9tr\u00e9ci<br \/>\n\u2022 \u00c9tiquette d\u00e9tachable<br \/>\n\u2022 Couture lat\u00e9rale<br \/>\n\u2022 Bande de propret\u00e9 d&#8217;\u00e9paule \u00e0 \u00e9paule<\/p>\n","protected":false},"excerpt":{"rendered":"<p>Doux et l\u00e9ger, ce T-shirt avec juste ce qu&#8217;il faut d&#8217;\u00e9lasticit\u00e9. Il est confortable et la coupe unisexe est flatteuse pour tous. \u2022 100 % coton peign\u00e9 et fil\u00e9 \u00e0 l&#8217;anneau \u2022 La couleur Ash contient 99 % de coton peign\u00e9 et fil\u00e9 en anneau et 1 % de polyester \u2022 Les couleurs chin\u00e9es contiennent&hellip; <a class=\"more-link\" href=\"http:\/\/artilleurs.fr\/shop\/produit\/t-shirt-unisexe-a-manches-courtes-bandes\/\">Continue reading <span class=\"screen-reader-text\">T-shirt Unisexe \u00e0 Manches Courtes BANDES<\/span><\/a><\/p>\n","protected":false},"featured_media":194,"comment_status":"open","ping_status":"closed","template":"","meta":[],"product_cat":[31],"product_tag":[],"class_list":["post-183","product","type-product","status-publish","has-post-thumbnail","hentry","product_cat-street-wear","entry"],"_links":{"self":[{"href":"http:\/\/artilleurs.fr\/shop\/wp-json\/wp\/v2\/product\/183","targetHints":{"allow":["GET"]}}],"collection":[{"href":"http:\/\/artilleurs.fr\/shop\/wp-json\/wp\/v2\/product"}],"about":[{"href":"http:\/\/artilleurs.fr\/shop\/wp-json\/wp\/v2\/types\/product"}],"replies":[{"embeddable":true,"href":"http:\/\/artilleurs.fr\/shop\/wp-json\/wp\/v2\/comments?post=183"}],"wp:featuredmedia":[{"embeddable":true,"href":"http:\/\/artilleurs.fr\/shop\/wp-json\/wp\/v2\/media\/194"}],"wp:attachment":[{"href":"http:\/\/artilleurs.fr\/shop\/wp-json\/wp\/v2\/media?parent=183"}],"wp:term":[{"taxonomy":"product_cat","embeddable":true,"href":"http:\/\/artilleurs.fr\/shop\/wp-json\/wp\/v2\/product_cat?post=183"},{"taxonomy":"product_tag","embeddable":true,"href":"http:\/\/artilleurs.fr\/shop\/wp-json\/wp\/v2\/product_tag?post=183"}],"curies":[{"name":"wp","href":"https:\/\/api.w.org\/{rel}","templated":true}]}}