{"id":22,"date":"2021-11-19T14:02:50","date_gmt":"2021-11-19T14:02:50","guid":{"rendered":"http:\/\/artilleurs.fr\/shop\/produit\/sweat-a-capuche\/"},"modified":"2021-11-24T17:28:57","modified_gmt":"2021-11-24T17:28:57","slug":"sweat-a-capuche","status":"publish","type":"product","link":"http:\/\/artilleurs.fr\/shop\/produit\/sweat-a-capuche\/","title":{"rendered":"Sweat \u00e0 capuche"},"content":{"rendered":"<p>Tout le monde a besoin d&#8217;un sweat pr\u00e9f\u00e9r\u00e9 et confortable dans lequel se lover. Alors optez pour un sweat doux, chic et douillet. Parfait \u00e9galement pour les soir\u00e9es plus fra\u00eeches !<\/p>\n<p>\u2022 50 % coton pr\u00e9-r\u00e9tr\u00e9ci \/ 50 % polyester <br \/>\n\u2022 Poids du tissu : 271,25 g\/m\u00b2 (8.0 oz\/yd\u00b2)<br \/>\n\u2022 Boulochage r\u00e9duit et fil\u00e9 \u00e0 jet d\u2019air pour un toucher doux<br \/>\n\u2022 Capuche doubl\u00e9e avec cordon de serrage assorti<br \/>\n\u2022 Tourn\u00e9 au quart de tour pour \u00e9viter les plis au milieu<br \/>\n\u2022 Poignets et ceinture en tricot c\u00f4tel\u00e9 athl\u00e9tique 1\u00d71, avec \u00e9lasthanne<br \/>\n\u2022 Poche avant<br \/>\n\u2022 Col, \u00e9paules, emmanchures, poignets et ourlet cousus \u00e0 double aiguille<br \/>\n\u2022 Produit vierge provenant du Honduras, du Mexique ou du Nicaragua<\/p>\n","protected":false},"excerpt":{"rendered":"<p>Tout le monde a besoin d&#8217;un sweat pr\u00e9f\u00e9r\u00e9 et confortable dans lequel se lover. Alors optez pour un sweat doux, chic et douillet. Parfait \u00e9galement pour les soir\u00e9es plus fra\u00eeches ! \u2022 50 % coton pr\u00e9-r\u00e9tr\u00e9ci \/ 50 % polyester \u2022 Poids du tissu : 271,25 g\/m\u00b2 (8.0 oz\/yd\u00b2) \u2022 Boulochage r\u00e9duit et fil\u00e9 \u00e0&hellip; <a class=\"more-link\" href=\"http:\/\/artilleurs.fr\/shop\/produit\/sweat-a-capuche\/\">Continue reading <span class=\"screen-reader-text\">Sweat \u00e0 capuche<\/span><\/a><\/p>\n","protected":false},"featured_media":41,"comment_status":"open","ping_status":"closed","template":"","meta":[],"product_cat":[31],"product_tag":[],"class_list":["post-22","product","type-product","status-publish","has-post-thumbnail","hentry","product_cat-street-wear","entry"],"_links":{"self":[{"href":"http:\/\/artilleurs.fr\/shop\/wp-json\/wp\/v2\/product\/22","targetHints":{"allow":["GET"]}}],"collection":[{"href":"http:\/\/artilleurs.fr\/shop\/wp-json\/wp\/v2\/product"}],"about":[{"href":"http:\/\/artilleurs.fr\/shop\/wp-json\/wp\/v2\/types\/product"}],"replies":[{"embeddable":true,"href":"http:\/\/artilleurs.fr\/shop\/wp-json\/wp\/v2\/comments?post=22"}],"wp:featuredmedia":[{"embeddable":true,"href":"http:\/\/artilleurs.fr\/shop\/wp-json\/wp\/v2\/media\/41"}],"wp:attachment":[{"href":"http:\/\/artilleurs.fr\/shop\/wp-json\/wp\/v2\/media?parent=22"}],"wp:term":[{"taxonomy":"product_cat","embeddable":true,"href":"http:\/\/artilleurs.fr\/shop\/wp-json\/wp\/v2\/product_cat?post=22"},{"taxonomy":"product_tag","embeddable":true,"href":"http:\/\/artilleurs.fr\/shop\/wp-json\/wp\/v2\/product_tag?post=22"}],"curies":[{"name":"wp","href":"https:\/\/api.w.org\/{rel}","templated":true}]}}