{"id":225,"date":"2021-11-24T20:07:12","date_gmt":"2021-11-24T20:07:12","guid":{"rendered":"http:\/\/artilleurs.fr\/shop\/produit\/sweat-a-capuche-unisexe-a-fermeture-eclair\/"},"modified":"2022-04-02T16:41:53","modified_gmt":"2022-04-02T16:41:53","slug":"sweat-a-capuche-unisexe-a-fermeture-eclair","status":"publish","type":"product","link":"http:\/\/artilleurs.fr\/shop\/produit\/sweat-a-capuche-unisexe-a-fermeture-eclair\/","title":{"rendered":"Sweat \u00e0 Capuche Unisexe \u00e0 Fermeture \u00c9clair"},"content":{"rendered":"<p>Ce sweat \u00e0 capuche unisexe \u00e0 la coupe moderne est ce qu\u2019il vous faut, que ce soit pour les fra\u00eeches soir\u00e9es d&#8217;\u00e9t\u00e9 au bord du lac, ou pour fl\u00e2ner chez vous. Il est l\u00e9ger et poss\u00e8de une fermeture \u00e9clair sur le devant ainsi qu\u2019une poche kangourou.<\/p>\n<p>\u2022 50\u00a0% polyester, 25\u00a0% coton peign\u00e9 et fil\u00e9 \u00e0 l&#8217;anneau Airlume, 25\u00a0% rayonne<br \/>\n\u2022 Coupe unisexe<br \/>\n\u2022 Capuche<br \/>\n\u2022 Poche kangourou<br \/>\n\u2022 Coutures lat\u00e9rales<\/p>\n<p>Pour les hommes, nous sugg\u00e9rons de commander une taille sup\u00e9rieure \u00e0 votre taille habituelle.<\/p>\n","protected":false},"excerpt":{"rendered":"<p>Ce sweat \u00e0 capuche unisexe \u00e0 la coupe moderne est ce qu\u2019il vous faut, que ce soit pour les fra\u00eeches soir\u00e9es d&#8217;\u00e9t\u00e9 au bord du lac, ou pour fl\u00e2ner chez vous. Il est l\u00e9ger et poss\u00e8de une fermeture \u00e9clair sur le devant ainsi qu\u2019une poche kangourou. \u2022 50\u00a0% polyester, 25\u00a0% coton peign\u00e9 et fil\u00e9 \u00e0&hellip; <a class=\"more-link\" href=\"http:\/\/artilleurs.fr\/shop\/produit\/sweat-a-capuche-unisexe-a-fermeture-eclair\/\">Continue reading <span class=\"screen-reader-text\">Sweat \u00e0 Capuche Unisexe \u00e0 Fermeture \u00c9clair<\/span><\/a><\/p>\n","protected":false},"featured_media":234,"comment_status":"open","ping_status":"closed","template":"","meta":[],"product_cat":[31],"product_tag":[],"class_list":["post-225","product","type-product","status-publish","has-post-thumbnail","hentry","product_cat-street-wear","entry"],"_links":{"self":[{"href":"http:\/\/artilleurs.fr\/shop\/wp-json\/wp\/v2\/product\/225","targetHints":{"allow":["GET"]}}],"collection":[{"href":"http:\/\/artilleurs.fr\/shop\/wp-json\/wp\/v2\/product"}],"about":[{"href":"http:\/\/artilleurs.fr\/shop\/wp-json\/wp\/v2\/types\/product"}],"replies":[{"embeddable":true,"href":"http:\/\/artilleurs.fr\/shop\/wp-json\/wp\/v2\/comments?post=225"}],"wp:featuredmedia":[{"embeddable":true,"href":"http:\/\/artilleurs.fr\/shop\/wp-json\/wp\/v2\/media\/234"}],"wp:attachment":[{"href":"http:\/\/artilleurs.fr\/shop\/wp-json\/wp\/v2\/media?parent=225"}],"wp:term":[{"taxonomy":"product_cat","embeddable":true,"href":"http:\/\/artilleurs.fr\/shop\/wp-json\/wp\/v2\/product_cat?post=225"},{"taxonomy":"product_tag","embeddable":true,"href":"http:\/\/artilleurs.fr\/shop\/wp-json\/wp\/v2\/product_tag?post=225"}],"curies":[{"name":"wp","href":"https:\/\/api.w.org\/{rel}","templated":true}]}}