{"id":236,"date":"2021-11-24T20:16:03","date_gmt":"2021-11-24T20:16:03","guid":{"rendered":"http:\/\/artilleurs.fr\/shop\/produit\/sac-de-sport\/"},"modified":"2021-11-24T20:16:09","modified_gmt":"2021-11-24T20:16:09","slug":"sac-de-sport","status":"publish","type":"product","link":"http:\/\/artilleurs.fr\/shop\/produit\/sac-de-sport\/","title":{"rendered":"Sac de sport"},"content":{"rendered":"<p>Ce sac de voyage est le compagnon id\u00e9al pour chaque occasion\u00a0: emportez-le avec vous en voyage, pour vos courses quotidiennes ou pour aller en salle de sport. Le sac est spacieux et vos affaires y seront \u00e0 l&#8217;abri et bien organis\u00e9es avec ses multiples poches, y compris une avec fermeture \u00e9clair pour une s\u00e9curit\u00e9 accrue. Ajustez la bandouli\u00e8re rembourr\u00e9e lorsque vous transportez des objets plus lourds, et continuez votre jogging quotidien sans souci\u00a0!<\/p>\n<p>\u2022 100\u00a0% polyester avec interligne noir<br \/>\n\u2022 Poids du tissu\u00a0: 940 g (2 lb)<br \/>\n\u2022 Taille unique\u00a0: 22\u2033 \u00d7 11.5\u2033 \u00d7 11.5\u2033 <br \/>\n\u2022 En T pour plus de stabilit\u00e9<br \/>\n\u2022 Bandouli\u00e8re rembourr\u00e9e ajustable et amovible<br \/>\n\u2022 Deux poign\u00e9es rembourr\u00e9es avec fermeture velcro pour faciliter le transport<br \/>\n\u2022 Poche lat\u00e9rale en filet<br \/>\n\u2022 Poches int\u00e9rieures multiples<br \/>\n\u2022 Les composants de produits vierges en proviennent de Chine<\/p>\n","protected":false},"excerpt":{"rendered":"<p>Ce sac de voyage est le compagnon id\u00e9al pour chaque occasion\u00a0: emportez-le avec vous en voyage, pour vos courses quotidiennes ou pour aller en salle de sport. Le sac est spacieux et vos affaires y seront \u00e0 l&#8217;abri et bien organis\u00e9es avec ses multiples poches, y compris une avec fermeture \u00e9clair pour une s\u00e9curit\u00e9 accrue.&hellip; <a class=\"more-link\" href=\"http:\/\/artilleurs.fr\/shop\/produit\/sac-de-sport\/\">Continue reading <span class=\"screen-reader-text\">Sac de sport<\/span><\/a><\/p>\n","protected":false},"featured_media":237,"comment_status":"open","ping_status":"closed","template":"","meta":[],"product_cat":[30],"product_tag":[],"class_list":["post-236","product","type-product","status-publish","has-post-thumbnail","hentry","product_cat-accessoire","entry"],"_links":{"self":[{"href":"http:\/\/artilleurs.fr\/shop\/wp-json\/wp\/v2\/product\/236","targetHints":{"allow":["GET"]}}],"collection":[{"href":"http:\/\/artilleurs.fr\/shop\/wp-json\/wp\/v2\/product"}],"about":[{"href":"http:\/\/artilleurs.fr\/shop\/wp-json\/wp\/v2\/types\/product"}],"replies":[{"embeddable":true,"href":"http:\/\/artilleurs.fr\/shop\/wp-json\/wp\/v2\/comments?post=236"}],"wp:featuredmedia":[{"embeddable":true,"href":"http:\/\/artilleurs.fr\/shop\/wp-json\/wp\/v2\/media\/237"}],"wp:attachment":[{"href":"http:\/\/artilleurs.fr\/shop\/wp-json\/wp\/v2\/media?parent=236"}],"wp:term":[{"taxonomy":"product_cat","embeddable":true,"href":"http:\/\/artilleurs.fr\/shop\/wp-json\/wp\/v2\/product_cat?post=236"},{"taxonomy":"product_tag","embeddable":true,"href":"http:\/\/artilleurs.fr\/shop\/wp-json\/wp\/v2\/product_tag?post=236"}],"curies":[{"name":"wp","href":"https:\/\/api.w.org\/{rel}","templated":true}]}}