{"id":239,"date":"2021-11-24T20:27:47","date_gmt":"2021-11-24T20:27:47","guid":{"rendered":"http:\/\/artilleurs.fr\/shop\/produit\/sac-a-dos-brode-artilleurs\/"},"modified":"2022-04-02T16:41:54","modified_gmt":"2022-04-02T16:41:54","slug":"sac-a-dos-brode-artilleurs","status":"publish","type":"product","link":"http:\/\/artilleurs.fr\/shop\/produit\/sac-a-dos-brode-artilleurs\/","title":{"rendered":"Sac \u00e0 dos brod\u00e9 Artilleurs"},"content":{"rendered":"<p>Dot\u00e9 d&#8217;un superbe design avec un dos rembourr\u00e9 et des bretelles r\u00e9glables, ce sac \u00e0 dos brod\u00e9 allie fonctionnalit\u00e9 et beaut\u00e9. Utilisez le compartiment principal \u00e0 fermeture bidirectionnelle pour tout transporter, d&#8217;un ordinateur portable de 15 pouces aux livres, et gardez votre t\u00e9l\u00e9phone et vos cl\u00e9s en s\u00e9curit\u00e9 dans la poche zipp\u00e9e avant.<\/p>\n<p>\u2022 100\u00a0% polyester, 600D<br \/>\n\u2022 Tissus deux tons<br \/>\n\u2022 Dimensions\u00a0: H 42 cm (16,5 &#8221;), L 31 cm (12,2 &#8221;), P 21 cm (8,3 &#8221;)<br \/>\n\u2022 Capacit\u00e9\u00a0: 18 l (4,7 gallons)<br \/>\n\u2022 Poign\u00e9e de transport sup\u00e9rieure<br \/>\n\u2022 Poche zipp\u00e9e sur le devant<br \/>\n\u2022 Fermeture \u00e9clair sup\u00e9rieure avec 2 glissi\u00e8res et tirettes<br \/>\n\u2022 Compartiment principal spacieux avec panneau arri\u00e8re rembourr\u00e9<br \/>\n\u2022 Bretelles rembourr\u00e9es r\u00e9glables en tissu assorti<br \/>\n\u2022\u00a0Produit vierge provenant de Chine<\/p>\n","protected":false},"excerpt":{"rendered":"<p>Dot\u00e9 d&#8217;un superbe design avec un dos rembourr\u00e9 et des bretelles r\u00e9glables, ce sac \u00e0 dos brod\u00e9 allie fonctionnalit\u00e9 et beaut\u00e9. Utilisez le compartiment principal \u00e0 fermeture bidirectionnelle pour tout transporter, d&#8217;un ordinateur portable de 15 pouces aux livres, et gardez votre t\u00e9l\u00e9phone et vos cl\u00e9s en s\u00e9curit\u00e9 dans la poche zipp\u00e9e avant. \u2022 100\u00a0%&hellip; <a class=\"more-link\" href=\"http:\/\/artilleurs.fr\/shop\/produit\/sac-a-dos-brode-artilleurs\/\">Continue reading <span class=\"screen-reader-text\">Sac \u00e0 dos brod\u00e9 Artilleurs<\/span><\/a><\/p>\n","protected":false},"featured_media":240,"comment_status":"open","ping_status":"closed","template":"","meta":[],"product_cat":[30],"product_tag":[],"class_list":["post-239","product","type-product","status-publish","has-post-thumbnail","hentry","product_cat-accessoire","entry"],"_links":{"self":[{"href":"http:\/\/artilleurs.fr\/shop\/wp-json\/wp\/v2\/product\/239","targetHints":{"allow":["GET"]}}],"collection":[{"href":"http:\/\/artilleurs.fr\/shop\/wp-json\/wp\/v2\/product"}],"about":[{"href":"http:\/\/artilleurs.fr\/shop\/wp-json\/wp\/v2\/types\/product"}],"replies":[{"embeddable":true,"href":"http:\/\/artilleurs.fr\/shop\/wp-json\/wp\/v2\/comments?post=239"}],"wp:featuredmedia":[{"embeddable":true,"href":"http:\/\/artilleurs.fr\/shop\/wp-json\/wp\/v2\/media\/240"}],"wp:attachment":[{"href":"http:\/\/artilleurs.fr\/shop\/wp-json\/wp\/v2\/media?parent=239"}],"wp:term":[{"taxonomy":"product_cat","embeddable":true,"href":"http:\/\/artilleurs.fr\/shop\/wp-json\/wp\/v2\/product_cat?post=239"},{"taxonomy":"product_tag","embeddable":true,"href":"http:\/\/artilleurs.fr\/shop\/wp-json\/wp\/v2\/product_tag?post=239"}],"curies":[{"name":"wp","href":"https:\/\/api.w.org\/{rel}","templated":true}]}}