{"id":242,"date":"2021-11-25T13:50:11","date_gmt":"2021-11-25T13:50:11","guid":{"rendered":"http:\/\/artilleurs.fr\/shop\/produit\/casquette-baseball\/"},"modified":"2022-04-02T16:41:53","modified_gmt":"2022-04-02T16:41:53","slug":"casquette-baseball","status":"publish","type":"product","link":"http:\/\/artilleurs.fr\/shop\/produit\/casquette-baseball\/","title":{"rendered":"Casquette Baseball"},"content":{"rendered":"<p>Disponible en deux tailles, avec une bande \u00e9lastique, cette casquette est une valeur s\u00fbre en mati\u00e8re de confort ! Elle a une forme athl\u00e9tique, avec une visi\u00e8re incurv\u00e9e. <\/p>\n<p>\u2022 Serg\u00e9 63\u00a0% polyester \/ 34\u00a0% coton \/3 % \u00e9lasthanne <br \/>\n\u2022 Structur\u00e9e, 6 panneaux, profil interm\u00e9diaire<br \/>\n\u2022 Bande \u00e9lastique<br \/>\n\u2022 Sous-visi\u00e8re argent<br \/>\n\u2022 Tour de t\u00eate\u00a0: 22 &quot; &#8211; 23 \u215e &quot;<\/p>\n","protected":false},"excerpt":{"rendered":"<p>Disponible en deux tailles, avec une bande \u00e9lastique, cette casquette est une valeur s\u00fbre en mati\u00e8re de confort ! Elle a une forme athl\u00e9tique, avec une visi\u00e8re incurv\u00e9e. \u2022 Serg\u00e9 63\u00a0% polyester \/ 34\u00a0% coton \/3 % \u00e9lasthanne \u2022 Structur\u00e9e, 6 panneaux, profil interm\u00e9diaire \u2022 Bande \u00e9lastique \u2022 Sous-visi\u00e8re argent \u2022 Tour de t\u00eate\u00a0: 22&hellip; <a class=\"more-link\" href=\"http:\/\/artilleurs.fr\/shop\/produit\/casquette-baseball\/\">Continue reading <span class=\"screen-reader-text\">Casquette Baseball<\/span><\/a><\/p>\n","protected":false},"featured_media":246,"comment_status":"open","ping_status":"closed","template":"","meta":[],"product_cat":[30],"product_tag":[],"class_list":["post-242","product","type-product","status-publish","has-post-thumbnail","hentry","product_cat-accessoire","entry"],"_links":{"self":[{"href":"http:\/\/artilleurs.fr\/shop\/wp-json\/wp\/v2\/product\/242","targetHints":{"allow":["GET"]}}],"collection":[{"href":"http:\/\/artilleurs.fr\/shop\/wp-json\/wp\/v2\/product"}],"about":[{"href":"http:\/\/artilleurs.fr\/shop\/wp-json\/wp\/v2\/types\/product"}],"replies":[{"embeddable":true,"href":"http:\/\/artilleurs.fr\/shop\/wp-json\/wp\/v2\/comments?post=242"}],"wp:featuredmedia":[{"embeddable":true,"href":"http:\/\/artilleurs.fr\/shop\/wp-json\/wp\/v2\/media\/246"}],"wp:attachment":[{"href":"http:\/\/artilleurs.fr\/shop\/wp-json\/wp\/v2\/media?parent=242"}],"wp:term":[{"taxonomy":"product_cat","embeddable":true,"href":"http:\/\/artilleurs.fr\/shop\/wp-json\/wp\/v2\/product_cat?post=242"},{"taxonomy":"product_tag","embeddable":true,"href":"http:\/\/artilleurs.fr\/shop\/wp-json\/wp\/v2\/product_tag?post=242"}],"curies":[{"name":"wp","href":"https:\/\/api.w.org\/{rel}","templated":true}]}}