{"id":46,"date":"2021-11-19T14:12:26","date_gmt":"2021-11-19T14:12:26","guid":{"rendered":"http:\/\/artilleurs.fr\/shop\/produit\/legging-de-sport\/"},"modified":"2022-04-02T16:41:53","modified_gmt":"2022-04-02T16:41:53","slug":"legging-de-sport","status":"publish","type":"product","link":"http:\/\/artilleurs.fr\/shop\/produit\/legging-de-sport\/","title":{"rendered":"Legging de sport"},"content":{"rendered":"<p>Ces leggings sport en tissu de compression sont indispensables pour les entra\u00eenements de moyenne \u00e0 haute intensit\u00e9. Ils sont doux, confortables et chics &#8211; parfaits pour les fans de mode de vie actif.<\/p>\n<p>\u2022 Composition du tissu au Mexique : 75 % polyester, 25 % lycra (partie sup\u00e9rieure du legging) and 75 % polyester, 25 % \u00e9lasthanne (partie inf\u00e9rieure du legging)<br \/>\n\u2022 Composition du tissu en Europe : 57 % polyamide, 43 % \u00e9lasthanne  (partie sup\u00e9rieure du legging) and 78 % polyester, 22 % spandex (partie inf\u00e9rieure du legging)<br \/>\n\u2022 Poids du tissu pour la partie sup\u00e9rieure\u00a0: 185 g\/m\u00b2 (5.45 oz\/yd\u00b2)<br \/>\n\u2022 Poids du tissu pour la partie inf\u00e9rieure\u00a0: 280 g\/m\u00b2 (8.25 oz\/yd\u00b2) <br \/>\n\u2022 Tissu de compression <br \/>\n\u2022 Non transparent et \u00e0 l&#8217;\u00e9preuve des accroupissements<br \/>\n\u2022 Gousset cousu<br \/>\n\u2022 Longueur \u215e <br \/>\n\u2022 Taille haute<br \/>\n\u2022 Effet amincissant et coupe qui rehausse les fesses<br \/>\n\u2022 Ceinture \u00e0 double \u00e9paisseur<br \/>\n\u2022 Choisir la taille au-dessus si vous \u00eates entre deux tailles, car le tissu de compression peut \u00eatre serr\u00e9 sur le corps<br \/>\n\u2022 Poche dans la partie arri\u00e8re de la ceinture convenant aux mod\u00e8les de t\u00e9l\u00e9phones haut de gamme, p. ex., iPhone 12<br \/>\n\u2022 Composants de produits vierges provenant d&#8217;Italie et d&#8217;Espagne<\/p>\n","protected":false},"excerpt":{"rendered":"<p>Ces leggings sport en tissu de compression sont indispensables pour les entra\u00eenements de moyenne \u00e0 haute intensit\u00e9. Ils sont doux, confortables et chics &#8211; parfaits pour les fans de mode de vie actif. \u2022 Composition du tissu au Mexique : 75 % polyester, 25 % lycra (partie sup\u00e9rieure du legging) and 75 % polyester, 25&hellip; <a class=\"more-link\" href=\"http:\/\/artilleurs.fr\/shop\/produit\/legging-de-sport\/\">Continue reading <span class=\"screen-reader-text\">Legging de sport<\/span><\/a><\/p>\n","protected":false},"featured_media":57,"comment_status":"open","ping_status":"closed","template":"","meta":[],"product_cat":[32],"product_tag":[],"class_list":["post-46","product","type-product","status-publish","has-post-thumbnail","hentry","product_cat-sport-wear","entry"],"_links":{"self":[{"href":"http:\/\/artilleurs.fr\/shop\/wp-json\/wp\/v2\/product\/46","targetHints":{"allow":["GET"]}}],"collection":[{"href":"http:\/\/artilleurs.fr\/shop\/wp-json\/wp\/v2\/product"}],"about":[{"href":"http:\/\/artilleurs.fr\/shop\/wp-json\/wp\/v2\/types\/product"}],"replies":[{"embeddable":true,"href":"http:\/\/artilleurs.fr\/shop\/wp-json\/wp\/v2\/comments?post=46"}],"wp:featuredmedia":[{"embeddable":true,"href":"http:\/\/artilleurs.fr\/shop\/wp-json\/wp\/v2\/media\/57"}],"wp:attachment":[{"href":"http:\/\/artilleurs.fr\/shop\/wp-json\/wp\/v2\/media?parent=46"}],"wp:term":[{"taxonomy":"product_cat","embeddable":true,"href":"http:\/\/artilleurs.fr\/shop\/wp-json\/wp\/v2\/product_cat?post=46"},{"taxonomy":"product_tag","embeddable":true,"href":"http:\/\/artilleurs.fr\/shop\/wp-json\/wp\/v2\/product_tag?post=46"}],"curies":[{"name":"wp","href":"https:\/\/api.w.org\/{rel}","templated":true}]}}