{"id":75,"date":"2021-11-19T14:16:06","date_gmt":"2021-11-19T14:16:06","guid":{"rendered":"http:\/\/artilleurs.fr\/shop\/produit\/t-shirt-unisexe-a-manches-courtes\/"},"modified":"2022-04-02T16:41:54","modified_gmt":"2022-04-02T16:41:54","slug":"t-shirt-unisexe-a-manches-courtes","status":"publish","type":"product","link":"http:\/\/artilleurs.fr\/shop\/produit\/t-shirt-unisexe-a-manches-courtes\/","title":{"rendered":"T-shirt Unisexe \u00e0 Manches Courtes"},"content":{"rendered":"<p>Le Gildan 64000 est un t-shirt de base qui s&#8217;accorde avec n&#8217;importe quelle tenue. Il est fait d&#8217;un coton plus lourd et la couture double de l&#8217;encolure et des manches lui conf\u00e8re une plus grande durabilit\u00e9, ce qui en fait un favori de tous les jours!<\/p>\n<p>\u2022 100% coton fil\u00e9 \u00e0 l&#8217;anneau<br \/>\n\u2022 Sport Grey est compos\u00e9 \u00e0 90 % de coton fil\u00e9 \u00e0 l&#8217;anneau et \u00e0 10 % de polyester<br \/>\n\u2022 Dark Heather est compos\u00e9e \u00e0 65 % de polyester et \u00e0 35 % de coton<br \/>\n\u2022 Poids du tissu: 153 g \/ m\u00b2 (4.5 oz\/yd\u00b2 )<br \/>\n\u2022 Pr\u00e9-r\u00e9tr\u00e9ci<br \/>\n\u2022 Bande de propret\u00e9 d&#8217;\u00e9paule \u00e0 \u00e9paule<br \/>\n\u2022 Quart de tour pour \u00e9viter le froissement au centre<br \/>\n\u2022 Produit vierge provenant du Bangladesh, du Honduras, d&#8217;Ha\u00efti, du Mexique ou du Nicaragua<\/p>\n","protected":false},"excerpt":{"rendered":"<p>Le Gildan 64000 est un t-shirt de base qui s&#8217;accorde avec n&#8217;importe quelle tenue. Il est fait d&#8217;un coton plus lourd et la couture double de l&#8217;encolure et des manches lui conf\u00e8re une plus grande durabilit\u00e9, ce qui en fait un favori de tous les jours! \u2022 100% coton fil\u00e9 \u00e0 l&#8217;anneau \u2022 Sport Grey&hellip; <a class=\"more-link\" href=\"http:\/\/artilleurs.fr\/shop\/produit\/t-shirt-unisexe-a-manches-courtes\/\">Continue reading <span class=\"screen-reader-text\">T-shirt Unisexe \u00e0 Manches Courtes<\/span><\/a><\/p>\n","protected":false},"featured_media":90,"comment_status":"open","ping_status":"closed","template":"","meta":[],"product_cat":[31],"product_tag":[],"class_list":["post-75","product","type-product","status-publish","has-post-thumbnail","hentry","product_cat-street-wear","entry"],"_links":{"self":[{"href":"http:\/\/artilleurs.fr\/shop\/wp-json\/wp\/v2\/product\/75","targetHints":{"allow":["GET"]}}],"collection":[{"href":"http:\/\/artilleurs.fr\/shop\/wp-json\/wp\/v2\/product"}],"about":[{"href":"http:\/\/artilleurs.fr\/shop\/wp-json\/wp\/v2\/types\/product"}],"replies":[{"embeddable":true,"href":"http:\/\/artilleurs.fr\/shop\/wp-json\/wp\/v2\/comments?post=75"}],"wp:featuredmedia":[{"embeddable":true,"href":"http:\/\/artilleurs.fr\/shop\/wp-json\/wp\/v2\/media\/90"}],"wp:attachment":[{"href":"http:\/\/artilleurs.fr\/shop\/wp-json\/wp\/v2\/media?parent=75"}],"wp:term":[{"taxonomy":"product_cat","embeddable":true,"href":"http:\/\/artilleurs.fr\/shop\/wp-json\/wp\/v2\/product_cat?post=75"},{"taxonomy":"product_tag","embeddable":true,"href":"http:\/\/artilleurs.fr\/shop\/wp-json\/wp\/v2\/product_tag?post=75"}],"curies":[{"name":"wp","href":"https:\/\/api.w.org\/{rel}","templated":true}]}}