{"id":92,"date":"2021-11-19T14:21:04","date_gmt":"2021-11-19T14:21:04","guid":{"rendered":"http:\/\/artilleurs.fr\/shop\/produit\/gourde-en-acier-inoxydable\/"},"modified":"2022-04-02T16:41:54","modified_gmt":"2022-04-02T16:41:54","slug":"gourde-en-acier-inoxydable","status":"publish","type":"product","link":"http:\/\/artilleurs.fr\/shop\/produit\/gourde-en-acier-inoxydable\/","title":{"rendered":"Gourde en acier inoxydable"},"content":{"rendered":"<p>Cette gourde en acier inoxydable \u00e0 double paroi de 500 ml est parfaite pour vos sorties quotidiennes. Elle gardera votre boisson au chaud ou au froid pendant des heures. Elle dispose \u00e9galement d&#8217;un bouchon \u00e9tanche et anti-odeurs. Pour le porte-gobelet de votre voiture en route pour le travail, ou pour emporter avec vous lors de randonn\u00e9es, ou simplement pour l&#8217;avoir sous la main quand vous avez soif.<\/p>\n<p>\u2022 Acier inoxydable de haute qualit\u00e9<br \/>\n\u2022 500 ml (17 oz)<br \/>\n\u2022 Dimensions\u00a0: 27 \u00d7 7 cm (10,5 \u2033 \u00d7 2,85 \u2033)<br \/>\n\u2022 Gourde isotherme<br \/>\n\u2022 Double paroi<br \/>\n\u2022 En forme de quille<br \/>\n\u2022 Bouchon \u00e9tanche et sans odeur<br \/>\n\u2022 Isol\u00e9 et adapt\u00e9 aux liquides chauds et froids (maintient le liquide chaud ou froid pendant 6 h)<br \/>\n\u2022 Rev\u00eatement ORCA brevet\u00e9 pour des couleurs vives<br \/>\n\u2022 Lavage \u00e0 la main seulement (lave-vaisselle non recommand\u00e9 en raison du joint herm\u00e9tique)<br \/>\n\u2022 Produit vierge provenant de Chine<\/p>\n<p>Avertissement : conserver de l&#8217;eau dans la bouteille pendant plus de 24 heures n&#8217;est pas hygi\u00e9nique et peut entra\u00eener une odeur d\u00e9sagr\u00e9able.<\/p>\n","protected":false},"excerpt":{"rendered":"<p>Cette gourde en acier inoxydable \u00e0 double paroi de 500 ml est parfaite pour vos sorties quotidiennes. Elle gardera votre boisson au chaud ou au froid pendant des heures. Elle dispose \u00e9galement d&#8217;un bouchon \u00e9tanche et anti-odeurs. Pour le porte-gobelet de votre voiture en route pour le travail, ou pour emporter avec vous lors de&hellip; <a class=\"more-link\" href=\"http:\/\/artilleurs.fr\/shop\/produit\/gourde-en-acier-inoxydable\/\">Continue reading <span class=\"screen-reader-text\">Gourde en acier inoxydable<\/span><\/a><\/p>\n","protected":false},"featured_media":93,"comment_status":"open","ping_status":"closed","template":"","meta":[],"product_cat":[30],"product_tag":[],"class_list":["post-92","product","type-product","status-publish","has-post-thumbnail","hentry","product_cat-accessoire","entry"],"_links":{"self":[{"href":"http:\/\/artilleurs.fr\/shop\/wp-json\/wp\/v2\/product\/92","targetHints":{"allow":["GET"]}}],"collection":[{"href":"http:\/\/artilleurs.fr\/shop\/wp-json\/wp\/v2\/product"}],"about":[{"href":"http:\/\/artilleurs.fr\/shop\/wp-json\/wp\/v2\/types\/product"}],"replies":[{"embeddable":true,"href":"http:\/\/artilleurs.fr\/shop\/wp-json\/wp\/v2\/comments?post=92"}],"wp:featuredmedia":[{"embeddable":true,"href":"http:\/\/artilleurs.fr\/shop\/wp-json\/wp\/v2\/media\/93"}],"wp:attachment":[{"href":"http:\/\/artilleurs.fr\/shop\/wp-json\/wp\/v2\/media?parent=92"}],"wp:term":[{"taxonomy":"product_cat","embeddable":true,"href":"http:\/\/artilleurs.fr\/shop\/wp-json\/wp\/v2\/product_cat?post=92"},{"taxonomy":"product_tag","embeddable":true,"href":"http:\/\/artilleurs.fr\/shop\/wp-json\/wp\/v2\/product_tag?post=92"}],"curies":[{"name":"wp","href":"https:\/\/api.w.org\/{rel}","templated":true}]}}